{"id":19,"date":"2019-08-28T17:08:37","date_gmt":"2019-08-28T15:08:37","guid":{"rendered":"http:\/\/sanda.bujacic-babic.com\/index.php\/one-page-express\/"},"modified":"2025-10-07T11:59:36","modified_gmt":"2025-10-07T09:59:36","slug":"one-page-express","status":"publish","type":"page","link":"https:\/\/sanda.bujacic-babic.com\/","title":{"rendered":"Sanda Buja\u010di\u0107 Babi\u0107"},"content":{"rendered":"\n<figure class=\"wp-block-table alignfull is-style-regular\"><table><tbody><tr><td>Izvanredni profesor<br>Fakultet za matematiku<br>Sveu\u010dili\u0161te u Rijeci<br>Radmile Matej\u010di\u0107 2<br>51000 Rijeka, Hrvatska<\/td><td class=\"has-text-align-right\" data-align=\"right\">Associate Professor<br>Faculty of Mathematics<br>University of Rijeka<br>Radmile Matej\u010di\u0107 2<br>51000 Rijeka, Croatia <\/td><\/tr><\/tbody><\/table><\/figure>\n\n\n\n<p class=\"has-text-align-center\"><a rel=\"noreferrer noopener\" href=\"https:\/\/portal.uniri.hr\/portfelj\/967\" target=\"_blank\">UNIRI portfelj<\/a><br><a rel=\"noreferrer noopener\" href=\"https:\/\/scholar.google.com\/citations?user=h8nu_IQAAAAJ&amp;hl=hr\" target=\"_blank\">Google Scholar<\/a><br><a rel=\"noreferrer noopener\" href=\"https:\/\/orcid.org\/0000-0001-8842-3830\" target=\"_blank\">ORCID<\/a><br><a rel=\"noreferrer noopener\" href=\"https:\/\/www.webofscience.com\/wos\/author\/record\/2414246\" target=\"_blank\">Web of Science<\/a><\/p>\n","protected":false},"excerpt":{"rendered":"<p>Izvanredni profesorFakultet za matematikuSveu\u010dili\u0161te u RijeciRadmile Matej\u010di\u0107 251000 Rijeka, Hrvatska Associate ProfessorFaculty of MathematicsUniversity of RijekaRadmile Matej\u010di\u0107 251000 Rijeka, Croatia UNIRI portfeljGoogle ScholarORCIDWeb of Science<\/p>\n","protected":false},"author":1,"featured_media":0,"parent":0,"menu_order":0,"comment_status":"closed","ping_status":"closed","template":"","meta":[],"_links":{"self":[{"href":"https:\/\/sanda.bujacic-babic.com\/index.php\/wp-json\/wp\/v2\/pages\/19"}],"collection":[{"href":"https:\/\/sanda.bujacic-babic.com\/index.php\/wp-json\/wp\/v2\/pages"}],"about":[{"href":"https:\/\/sanda.bujacic-babic.com\/index.php\/wp-json\/wp\/v2\/types\/page"}],"author":[{"embeddable":true,"href":"https:\/\/sanda.bujacic-babic.com\/index.php\/wp-json\/wp\/v2\/users\/1"}],"replies":[{"embeddable":true,"href":"https:\/\/sanda.bujacic-babic.com\/index.php\/wp-json\/wp\/v2\/comments?post=19"}],"version-history":[{"count":35,"href":"https:\/\/sanda.bujacic-babic.com\/index.php\/wp-json\/wp\/v2\/pages\/19\/revisions"}],"predecessor-version":[{"id":240,"href":"https:\/\/sanda.bujacic-babic.com\/index.php\/wp-json\/wp\/v2\/pages\/19\/revisions\/240"}],"wp:attachment":[{"href":"https:\/\/sanda.bujacic-babic.com\/index.php\/wp-json\/wp\/v2\/media?parent=19"}],"curies":[{"name":"wp","href":"https:\/\/api.w.org\/{rel}","templated":true}]}}