{"id":2,"date":"2019-08-27T22:28:37","date_gmt":"2019-08-27T22:28:37","guid":{"rendered":"http:\/\/sanda.bujacic-babic.com\/?page_id=2"},"modified":"2025-10-07T15:09:51","modified_gmt":"2025-10-07T13:09:51","slug":"sample-page","status":"publish","type":"page","link":"https:\/\/sanda.bujacic-babic.com\/index.php\/sample-page\/","title":{"rendered":"Znanstvena djelatnost"},"content":{"rendered":"\n<p class=\"has-text-align-center\">Teorija brojeva<\/p>\n\n\n\n<p class=\"has-text-align-center\">Matemati\u010dko modeliranje u obradi prirodnog jezika<\/p>\n\n\n\n<p class=\"has-text-align-center\">Matemati\u010dko modeliranje u umjetnoj inteligenciji<\/p>\n\n\n\n<p class=\"has-text-align-center\">Matemati\u010dki koncepti u strojnom u\u010denju<\/p>\n\n\n\n<p><\/p>\n","protected":false},"excerpt":{"rendered":"<p>Teorija brojeva Matemati\u010dko modeliranje u obradi prirodnog jezika Matemati\u010dko modeliranje u umjetnoj inteligenciji Matemati\u010dki koncepti u strojnom u\u010denju<\/p>\n","protected":false},"author":1,"featured_media":0,"parent":0,"menu_order":0,"comment_status":"closed","ping_status":"open","template":"","meta":[],"_links":{"self":[{"href":"https:\/\/sanda.bujacic-babic.com\/index.php\/wp-json\/wp\/v2\/pages\/2"}],"collection":[{"href":"https:\/\/sanda.bujacic-babic.com\/index.php\/wp-json\/wp\/v2\/pages"}],"about":[{"href":"https:\/\/sanda.bujacic-babic.com\/index.php\/wp-json\/wp\/v2\/types\/page"}],"author":[{"embeddable":true,"href":"https:\/\/sanda.bujacic-babic.com\/index.php\/wp-json\/wp\/v2\/users\/1"}],"replies":[{"embeddable":true,"href":"https:\/\/sanda.bujacic-babic.com\/index.php\/wp-json\/wp\/v2\/comments?post=2"}],"version-history":[{"count":64,"href":"https:\/\/sanda.bujacic-babic.com\/index.php\/wp-json\/wp\/v2\/pages\/2\/revisions"}],"predecessor-version":[{"id":270,"href":"https:\/\/sanda.bujacic-babic.com\/index.php\/wp-json\/wp\/v2\/pages\/2\/revisions\/270"}],"wp:attachment":[{"href":"https:\/\/sanda.bujacic-babic.com\/index.php\/wp-json\/wp\/v2\/media?parent=2"}],"curies":[{"name":"wp","href":"https:\/\/api.w.org\/{rel}","templated":true}]}}