{"id":20,"date":"2019-08-28T17:08:37","date_gmt":"2019-08-28T15:08:37","guid":{"rendered":"http:\/\/sanda.bujacic-babic.com\/index.php\/blog\/"},"modified":"2024-09-09T01:34:13","modified_gmt":"2024-09-08T23:34:13","slug":"blog","status":"publish","type":"page","link":"https:\/\/sanda.bujacic-babic.com\/index.php\/blog\/","title":{"rendered":"Kontakt"},"content":{"rendered":"\n<p>sbujacic@math.uniri.hr<br>+385 51 584 654<br>kabinet: O-325, Kampus Trsat, Zgrada sveu\u010dili\u0161nih odjela, 3. kat<br>Fakultet za matematiku,<br>Sveu\u010dili\u0161te u Rijeci,<br>Radmile Matej\u010di\u0107 2<br>51000 Rijeka, Hrvatska<\/p>\n\n\n\n<p><\/p>\n\n\n\n<p><br><\/p>\n","protected":false},"excerpt":{"rendered":"<p>sbujacic@math.uniri.hr+385 51 584 654kabinet: O-325, Kampus Trsat, Zgrada sveu\u010dili\u0161nih odjela, 3. katFakultet za matematiku,Sveu\u010dili\u0161te u Rijeci,Radmile Matej\u010di\u0107 251000 Rijeka, Hrvatska<\/p>\n","protected":false},"author":1,"featured_media":0,"parent":0,"menu_order":0,"comment_status":"closed","ping_status":"closed","template":"","meta":[],"_links":{"self":[{"href":"https:\/\/sanda.bujacic-babic.com\/index.php\/wp-json\/wp\/v2\/pages\/20"}],"collection":[{"href":"https:\/\/sanda.bujacic-babic.com\/index.php\/wp-json\/wp\/v2\/pages"}],"about":[{"href":"https:\/\/sanda.bujacic-babic.com\/index.php\/wp-json\/wp\/v2\/types\/page"}],"author":[{"embeddable":true,"href":"https:\/\/sanda.bujacic-babic.com\/index.php\/wp-json\/wp\/v2\/users\/1"}],"replies":[{"embeddable":true,"href":"https:\/\/sanda.bujacic-babic.com\/index.php\/wp-json\/wp\/v2\/comments?post=20"}],"version-history":[{"count":6,"href":"https:\/\/sanda.bujacic-babic.com\/index.php\/wp-json\/wp\/v2\/pages\/20\/revisions"}],"predecessor-version":[{"id":171,"href":"https:\/\/sanda.bujacic-babic.com\/index.php\/wp-json\/wp\/v2\/pages\/20\/revisions\/171"}],"wp:attachment":[{"href":"https:\/\/sanda.bujacic-babic.com\/index.php\/wp-json\/wp\/v2\/media?parent=20"}],"curies":[{"name":"wp","href":"https:\/\/api.w.org\/{rel}","templated":true}]}}