{"id":227,"date":"2025-10-07T11:34:04","date_gmt":"2025-10-07T09:34:04","guid":{"rendered":"https:\/\/sanda.bujacic-babic.com\/?page_id=227"},"modified":"2025-10-07T12:08:31","modified_gmt":"2025-10-07T10:08:31","slug":"znanstveni-projekti","status":"publish","type":"page","link":"https:\/\/sanda.bujacic-babic.com\/index.php\/znanstveni-projekti\/","title":{"rendered":"Znanstveni projekti"},"content":{"rendered":"\n<p class=\"has-gray-color has-text-color\" style=\"font-size:20px\"><strong>Znanstveni projekti<\/strong><\/p>\n\n\n\n<ol>\n<li><a href=\"https:\/\/sanda.bujacic-babic.com\/index.php\/uniri-projekti-iskusnih-znanstvenika-2025-matematicko-modeliranje-u-umjetnoj-inteligenciji\/\" target=\"_blank\" rel=\"noreferrer noopener\">Matemati\u010dko modeliranje u umjetnoj inteligenciji, voditelj, 2025. &#8211; 2029., Projekti iskusnih znanstvenika &#8211; Sveu\u010dili\u0161te u Rijeci<\/a><\/li>\n\n\n\n<li><a rel=\"noreferrer noopener\" href=\"https:\/\/sanda.bujacic-babic.com\/index.php\/uniri-projekti-iskusnih-znanstvenika-2023-matematicko-modeliranje-u-obradi-prirodnog-jezika\/\" data-type=\"page\" data-id=\"153\" target=\"_blank\">Matemati\u010dko modeliranje u obradi prirodnog jezika, voditelj, 2024. &#8211; 2025., Projekti iskusnih znanstvenika &#8211; Sveu\u010dili\u0161te u Rijeci<\/a><\/li>\n\n\n\n<li>Posebni problemi u algebarskim strukturama u teoriji brojeva i topologiji, suradnik &#8211; \u010dlan osnovnog tima, 2025. &#8211; 2029., Projekti iskusnih znanstvenika &#8211; Sveu\u010dili\u0161te u Rijeci<\/li>\n\n\n\n<li><a href=\"https:\/\/formals.ufzg.hr\" target=\"_blank\" rel=\"noreferrer noopener\">Formal systems and modeling (FORMALS-2)<\/a>, suradnik &#8211; \u010dlan osnovnog tima, 2024. &#8211; 2027., Hrvatska zaklada za znanost<\/li>\n\n\n\n<li><a rel=\"noreferrer noopener\" href=\"https:\/\/www.croris.hr\/projekti\/projekt\/10174\" target=\"_blank\">Teorija brojeva i aritmeti\u010dka geometrija<\/a>, suradnik &#8211; \u010dlan osnovnog tima, 2023. &#8211; 2027., Hrvatska zaklada za znanost<br>**********************************************************************************************<\/li>\n\n\n\n<li><em>Diofantska geometrija i primjene,<\/em> suradnik &#8211; \u010dlan osnovnog tima, 2018. &#8211; 2022., Hrvatska zaklada za znanost<\/li>\n\n\n\n<li><em>Jezi\u010dno izra\u017eavanje emocija: Razvoj ra\u010dunalnih metoda identifikacije i ontolo\u0161kog modeliranja komunikacije psiholo\u0161kih stanja u hrvatskom jeziku (EmoCNet)<\/em>, suradnik &#8211; \u010dlan osnovnog tima, 2017.-2021., Sveu\u010dili\u0161te u Rijeci<\/li>\n\n\n\n<li><em>Diofantove m-torke, elipti\u010dke krivulje, Thueove i indeksne jednad\u017ebe<\/em>, suradnik &#8211; \u010dlan osnovnog tima, 2014. &#8211; 2018., Hrvatska zaklada za znanost<\/li>\n\n\n\n<li><em>Rje\u0161avanje klasi\u010dnih problema Diofanta, Fermata i Ritta kori\u0161tenjem novih analiti\u010dkih i algebarskih metoda<\/em>, suradnik &#8211; \u010dlan osnovnog tima, 2016. &#8211; 2018., Bilateralni projekt uz financijsku potporu Republike Hrvatske i Austrije<\/li>\n\n\n\n<li><em>Algebarske i analiti\u010dke metode u teoriji brojeva<\/em>, suradnik &#8211; \u010dlan osnovnog tima, 2014. &#8211; 2017., potpora, Sveu\u010dili\u0161te u Rijeci<\/li>\n<\/ol>\n","protected":false},"excerpt":{"rendered":"<p>Znanstveni projekti<\/p>\n","protected":false},"author":1,"featured_media":0,"parent":0,"menu_order":0,"comment_status":"closed","ping_status":"closed","template":"","meta":[],"_links":{"self":[{"href":"https:\/\/sanda.bujacic-babic.com\/index.php\/wp-json\/wp\/v2\/pages\/227"}],"collection":[{"href":"https:\/\/sanda.bujacic-babic.com\/index.php\/wp-json\/wp\/v2\/pages"}],"about":[{"href":"https:\/\/sanda.bujacic-babic.com\/index.php\/wp-json\/wp\/v2\/types\/page"}],"author":[{"embeddable":true,"href":"https:\/\/sanda.bujacic-babic.com\/index.php\/wp-json\/wp\/v2\/users\/1"}],"replies":[{"embeddable":true,"href":"https:\/\/sanda.bujacic-babic.com\/index.php\/wp-json\/wp\/v2\/comments?post=227"}],"version-history":[{"count":5,"href":"https:\/\/sanda.bujacic-babic.com\/index.php\/wp-json\/wp\/v2\/pages\/227\/revisions"}],"predecessor-version":[{"id":248,"href":"https:\/\/sanda.bujacic-babic.com\/index.php\/wp-json\/wp\/v2\/pages\/227\/revisions\/248"}],"wp:attachment":[{"href":"https:\/\/sanda.bujacic-babic.com\/index.php\/wp-json\/wp\/v2\/media?parent=227"}],"curies":[{"name":"wp","href":"https:\/\/api.w.org\/{rel}","templated":true}]}}