{"id":260,"date":"2025-10-07T15:02:03","date_gmt":"2025-10-07T13:02:03","guid":{"rendered":"https:\/\/sanda.bujacic-babic.com\/?page_id=260"},"modified":"2025-10-07T15:06:12","modified_gmt":"2025-10-07T13:06:12","slug":"znanstvena-priopcenja","status":"publish","type":"page","link":"https:\/\/sanda.bujacic-babic.com\/index.php\/znanstvena-priopcenja\/","title":{"rendered":"Znanstvena priop\u0107enja"},"content":{"rendered":"\n<ul>\n<li><em>Interpretable vs Learnable Centrality: Combining SLI and Neural Networks<\/em> (joint work with Tajana Ban Kirigin), usmeno izlaganje, Logic and Applications 2025 (LAP 2025), Dubrovnik, rujan 2025.<\/li>\n\n\n\n<li><em>Diophantine Quadruples in Q(i)[X]<\/em> (joint work with Ana Jurasi\u0107), 33\u00e8mes Journ\u00e9es Arithm\u00e9tiques, Luxemburg, 30.6. \u2013 4.7.2025.<\/li>\n\n\n\n<li><em>Regularity of Diophantine quadruples in Q(i)[X]<\/em> (joint work with Ana Jurasi\u0107), Representation Theory XIX (The conference is dedicated to the birthdays of Andrej Dujella, Ivica Gusi\u0107 and Borka Jadrijevi\u0107), Dubrovnik, 23. \u2013 28.6.2025.<\/li>\n\n\n\n<li><em>Polynomial D(4)-quadruples in R[X]<\/em>, 8th Mathematical Congress, Osijek, srpanj 2024.<\/li>\n\n\n\n<li>Graph Based Sentiment Propagation Algorithm (joint work with Tajana Ban Kirigin), usmeno izlaganje, Logic and Applications 2023 (LAP 2023), Dubrovnik, rujan 2023.<\/li>\n\n\n\n<li><em>Semi-Local Integration Centrality for Complex Networks<\/em> (joint work with Tajana Ban Kirigin and Benedikt Perak), usmeno izlaganje, Logic and Applications 2022 (LAP 2022), Dubrovnik, rujan, 2022.<\/li>\n\n\n\n<li><em>On the regularity of D(4)-quadruples in Z[i][X]<\/em> (joint work with Marija Bliznac Trebje\u0161anin), usmeno izlaganje, Conference on Diophantine m-tuples and related problems III, Zagreb, rujan, 2022.<\/li>\n\n\n\n<li>Data, Science, TECH Days, Pohrana, obrada podataka i jezi\u010dne tehnologije, sudjelovanje, Rijeka, srpanj 2022.<\/li>\n\n\n\n<li><em>Polynomial D(4)-quadruples over Gaussian Integers<\/em> (joint work with Marija Bliznac Trebje\u0161anin), usmeno izlaganje, 7th Croatian Mathematical Conress, Split, Hrvatska, lipanj, 2022.<\/li>\n\n\n\n<li><em>Implementing Sentiment Dictionary into Vader Sentiment Analysis for Croatian<\/em> (joint work with Tajana Ban Kirigin and Benedikt Perak), Logic and Applications 2021 (LAP 2021) &#8211; FORMALS, Dubrovnik, Hrvatska, 2021.,<\/li>\n\n\n\n<li><em>Two divisors of (n<sup>2<\/sup>+1)\/2 summing up to \u03b4n+\u03b4\u00b12, delta even<\/em>, poster, 6th Croatian Mathematical Congress, Zagreb, Hrvatska, 2016.<\/li>\n\n\n\n<li><em>A Variation of a Congruence of Subbarao for n=2<sup>\u03b1<\/sup>5<sup>\u03b2<\/sup>, \u03b1, \u03b2\u22650<\/em>, usmeno izlaganje, Diophantine Approximation and Related Topics, Aarhus, Danska, 2015.,<\/li>\n\n\n\n<li><em>A Variation of a Congruence of Subbarao for n=2<sup>\u03b1<\/sup>5<sup>\u03b2<\/sup>, \u03b1, \u03b2\u22650<\/em>, usmeno izlaganje, Journees Arithmetiques, Debrecen, Ma\u0111arska, 2015.,<\/li>\n\n\n\n<li><em>Two divisors of (n<sup>2<\/sup>+1)\/2 summing up to \u03b4n+\u03b5 for \u03b4 and \u03b5 even<\/em>, usmeno izlaganje, ELementare und Analytische Zahlentheorie (ELAZ), Hildesheim, Njema\u010dka, 2014.,<\/li>\n\n\n\n<li><em>Two divisors of (n<sup>2<\/sup>+1)\/2 summing up to \u03b4n+\u03b5 for \u03b4 and \u03b5 even<\/em>, usmeno izlaganje, Workshop on Number Theory and Algebra on the occasion of 60th birthday of Ivica Gusi\u0107, Matemati\u010dki odsjek, Prirodoslovno-matemati\u010dki fakultet, Zagreb, Hrvatska, 2014.,<\/li>\n\n\n\n<li><em>Linear Forms in Logarithms<\/em>, serija pozvanih predavanja na ljetnoj \u0161koli \u201cOn Diophantine Analysis\u201d, W\u00fcrzburg, Njema\u010dka, 2014.,<\/li>\n\n\n\n<li><em>On Diophantine Problems<\/em>, sudjelovanje na seminarima, Graz, Austrija, 2014.,<\/li>\n\n\n\n<li><em>The Problem of the Extension of a Parametric Family of Diophantine Triples<\/em>, usmeno izlaganje, Arctic Number Theory Workshop &#8220;Diophantine and Transcedental Methods&#8221;, Saariselka, Finska, 2013. \u2013 mentorov rad,<\/li>\n\n\n\n<li><em>Grinstead\u2019s Method For Solving Simultaneous Diophantine Equations<\/em>, poster, Ljetna \u0161kola &#8220;Four Faces of Number Theory&#8221;, W\u00fcrzburg, Njema\u010dka, 2012.<\/li>\n<\/ul>\n\n\n\n<p><\/p>\n\n\n\n<p><\/p>\n\n\n\n<p><\/p>\n\n\n\n<p><\/p>\n\n\n\n<p><\/p>\n\n\n\n<p><\/p>\n\n\n\n<p><\/p>\n\n\n\n<p><\/p>\n\n\n\n<p><\/p>\n","protected":false},"excerpt":{"rendered":"","protected":false},"author":1,"featured_media":0,"parent":0,"menu_order":0,"comment_status":"closed","ping_status":"closed","template":"","meta":[],"_links":{"self":[{"href":"https:\/\/sanda.bujacic-babic.com\/index.php\/wp-json\/wp\/v2\/pages\/260"}],"collection":[{"href":"https:\/\/sanda.bujacic-babic.com\/index.php\/wp-json\/wp\/v2\/pages"}],"about":[{"href":"https:\/\/sanda.bujacic-babic.com\/index.php\/wp-json\/wp\/v2\/types\/page"}],"author":[{"embeddable":true,"href":"https:\/\/sanda.bujacic-babic.com\/index.php\/wp-json\/wp\/v2\/users\/1"}],"replies":[{"embeddable":true,"href":"https:\/\/sanda.bujacic-babic.com\/index.php\/wp-json\/wp\/v2\/comments?post=260"}],"version-history":[{"count":2,"href":"https:\/\/sanda.bujacic-babic.com\/index.php\/wp-json\/wp\/v2\/pages\/260\/revisions"}],"predecessor-version":[{"id":264,"href":"https:\/\/sanda.bujacic-babic.com\/index.php\/wp-json\/wp\/v2\/pages\/260\/revisions\/264"}],"wp:attachment":[{"href":"https:\/\/sanda.bujacic-babic.com\/index.php\/wp-json\/wp\/v2\/media?parent=260"}],"curies":[{"name":"wp","href":"https:\/\/api.w.org\/{rel}","templated":true}]}}