{"id":266,"date":"2025-10-07T15:07:10","date_gmt":"2025-10-07T13:07:10","guid":{"rendered":"https:\/\/sanda.bujacic-babic.com\/?page_id=266"},"modified":"2025-10-07T15:07:10","modified_gmt":"2025-10-07T13:07:10","slug":"znanstveni-radovi","status":"publish","type":"page","link":"https:\/\/sanda.bujacic-babic.com\/index.php\/znanstveni-radovi\/","title":{"rendered":"Znanstveni radovi"},"content":{"rendered":"\n<ol>\n<li>Ban Kirigin, T.; Buja\u010di\u0107 Babi\u0107, S.; Perak, B. Graph-Based Lexical Sentiment Propagation Algorithm.&nbsp;<em>Mathematics<\/em>&nbsp;<strong>2025<\/strong>,&nbsp;<em>13<\/em>, 114. <br>DOI: <a href=\"https:\/\/doi.org\/10.3390\/math13071141\" target=\"_blank\" rel=\"noreferrer noopener\">https:\/\/doi.org\/10.3390\/math13071141<\/a><\/li>\n\n\n\n<li>Ban Kirigin, T.; Buja\u010di\u0107 Babi\u0107, S. <em>Semi-Local Integration Measure for Directed Graphs<\/em>, Mathematics&nbsp;(2024),&nbsp;<em>12<\/em>, 1087, <br>DOI: <a href=\"https:\/\/doi.org\/10.3390\/math12071087\" target=\"_blank\" rel=\"noreferrer noopener\">https:\/\/doi.org\/10.3390\/math12071087<\/a><\/li>\n\n\n\n<li>Bliznac Trebje\u0161anin, M and Buja\u010di\u0107 Babi\u0107, S.,&nbsp;<em>Polynomial&nbsp;\ud835\udc37(4)-quadruples over Gaussian integers<\/em>, Glasnik Matemati\u010dki, Vol. 59, No. 1 (2024), 1-31, <br>DOI: <a href=\"https:\/\/doi.org\/10.3336\/gm.59.1.01\">https:\/\/doi.org\/10.3336\/gm.59.1.01<\/a><\/li>\n\n\n\n<li>Ban Kirigin, T.; Buja\u010di\u0107 Babi\u0107, S.; Perak, B., Graph-Based Taxonomic Semantic Class Labeling, Future Internet, 14(12), (2022), <br>DOI: <a href=\"https:\/\/doi.org\/10.3390\/fi14120383\">https:\/\/doi.org\/10.3390\/fi14120383<\/a><\/li>\n\n\n\n<li>Ban Kirigin, T.; Buja\u010di\u0107 Babi\u0107, S.; Perak, B., Semi-Local Integration Measure of Node Importance, Mathematics, 10(3), (2022), 405; 10, 1-16, <br>DOI: <a href=\"https:\/\/doi.org\/10.3390\/math10030405\">https:\/\/doi.org\/10.3390\/math10030405<\/a><\/li>\n\n\n\n<li>Ban Kirigin, T.; Buja\u010di\u0107 Babi\u0107, S.; Perak, B., <em>Lexical Sense Labeling and Sentiment Potential Analysis using Corpus-Based Dependency Graph, <\/em>Mathematics<em>,<\/em>&nbsp;9(12)&nbsp;(2021), 1449; 1-22, <br>DOI: <a href=\"https:\/\/doi.org\/10.3390\/math9121449\">https:\/\/doi.org\/10.3390\/math9121449<\/a><\/li>\n\n\n\n<li>Buja\u010di\u0107 Babi\u0107 S.; Nabardi K., <em>On Some Diophantine Equations<\/em>, Miskolc Mathematical Notes, Vol. 22, No. 1, pp. 65\u201375, (2021), <br>DOI: <a href=\"https:\/\/doi.org\/10.18514\/MMN.2021.2638\">https:\/\/doi.org\/10.18514\/MMN.2021.2638<\/a><\/li>\n\n\n\n<li>Buja\u010di\u0107 S., <em>Two divisors of (n<sup>2<\/sup>+1)\/2 summing up to \u03b4n + \u03b4 \u00b1 2, \u03b4 even<\/em>, Rad Hrvatske akademije znanosti i umjetnosti. Razred za matemati\u010dke, fizi\u010dke i kemijske znanosti. Matemati\u010dke znanosti, 39 &#8211; 61, (2018), <br>DOI: <a href=\"https:\/\/doi.org\/10.21857\/yk3jwhrjd9\">https:\/\/doi.org\/10.21857\/yk3jwhrjd9<\/a><\/li>\n\n\n\n<li>Buja\u010di\u0107 S., <em>A variation of a congruence of Subbarao for n=2^\u03b1*5^\u03b2, \u03b1<\/em>,<em> \u03b2&gt;=0<\/em>, Periodica Mathematica Hungarica 75 (1), 66 &#8211; 79, (2017), <br>DOI: <a href=\"https:\/\/doi.org\/10.1007\/s10998-016-0168-6\">https:\/\/doi.org\/10.1007\/s10998-016-0168-6<\/a><\/li>\n\n\n\n<li>Buja\u010di\u0107 S., <em>Two divisors of (n<sup>2<\/sup>+1)\/2 summing up to \u03b4n+\u03b5, for \u03b4 and \u03b5 even<\/em>, Miskolc Mathematical Notes 15 (2), 333 &#8211; 344, (2014), <br>DOI: <a href=\"https:\/\/doi.org\/10.18514\/MMN.2014.1123\">https:\/\/doi.org\/10.18514\/MMN.2014.1123<\/a><\/li>\n<\/ol>\n\n\n\n<p><strong>Poglavlje u knjizi<\/strong><\/p>\n\n\n\n<p>Buja\u010di\u0107 S., Filipin A., <em>Linear Forms in Logarithms<\/em>, Springer-Verlag, Berlin, J\u00f6rn Steuding editor, 1-59, 2016. (poglavlje u knjizi Diophantine Analysis, Springer-Verlag, Berlin), <br>DOI: <a href=\"https:\/\/doi.org\/10.1007\/978-3-319-48817-2\">https:\/\/doi.org\/10.1007\/978-3-319-48817-2<\/a><\/p>\n","protected":false},"excerpt":{"rendered":"<p>Poglavlje u knjizi Buja\u010di\u0107 S., Filipin A., Linear Forms in Logarithms, Springer-Verlag, Berlin, J\u00f6rn Steuding editor, 1-59, 2016. (poglavlje u knjizi Diophantine Analysis, Springer-Verlag, Berlin), DOI: https:\/\/doi.org\/10.1007\/978-3-319-48817-2<\/p>\n","protected":false},"author":1,"featured_media":0,"parent":0,"menu_order":0,"comment_status":"closed","ping_status":"closed","template":"","meta":[],"_links":{"self":[{"href":"https:\/\/sanda.bujacic-babic.com\/index.php\/wp-json\/wp\/v2\/pages\/266"}],"collection":[{"href":"https:\/\/sanda.bujacic-babic.com\/index.php\/wp-json\/wp\/v2\/pages"}],"about":[{"href":"https:\/\/sanda.bujacic-babic.com\/index.php\/wp-json\/wp\/v2\/types\/page"}],"author":[{"embeddable":true,"href":"https:\/\/sanda.bujacic-babic.com\/index.php\/wp-json\/wp\/v2\/users\/1"}],"replies":[{"embeddable":true,"href":"https:\/\/sanda.bujacic-babic.com\/index.php\/wp-json\/wp\/v2\/comments?post=266"}],"version-history":[{"count":1,"href":"https:\/\/sanda.bujacic-babic.com\/index.php\/wp-json\/wp\/v2\/pages\/266\/revisions"}],"predecessor-version":[{"id":267,"href":"https:\/\/sanda.bujacic-babic.com\/index.php\/wp-json\/wp\/v2\/pages\/266\/revisions\/267"}],"wp:attachment":[{"href":"https:\/\/sanda.bujacic-babic.com\/index.php\/wp-json\/wp\/v2\/media?parent=266"}],"curies":[{"name":"wp","href":"https:\/\/api.w.org\/{rel}","templated":true}]}}